{"id":1660,"date":"2022-10-12T11:45:09","date_gmt":"2022-10-12T11:45:09","guid":{"rendered":"https:\/\/uxio.es\/?page_id=1660"},"modified":"2022-11-06T17:34:40","modified_gmt":"2022-11-06T17:34:40","slug":"work-2","status":"publish","type":"page","link":"https:\/\/uxio.es\/?page_id=1660","title":{"rendered":"Work"},"content":{"rendered":"\t\t<div data-elementor-type=\"wp-page\" data-elementor-id=\"1660\" class=\"elementor elementor-1660\" data-elementor-post-type=\"page\">\n\t\t\t\t\t\t<section class=\"elementor-section elementor-top-section elementor-element elementor-element-c36eaa9 elementor-hidden-mobile elementor-section-boxed elementor-section-height-default elementor-section-height-default\" data-id=\"c36eaa9\" data-element_type=\"section\">\n\t\t\t\t\t\t<div class=\"elementor-container elementor-column-gap-default\">\n\t\t\t\t\t<div class=\"elementor-column elementor-col-100 elementor-top-column elementor-element elementor-element-e7f1c86\" data-id=\"e7f1c86\" data-element_type=\"column\">\n\t\t\t<div class=\"elementor-widget-wrap elementor-element-populated\">\n\t\t\t\t\t\t<div class=\"elementor-element elementor-element-ea7607d elementor-widget elementor-widget-text-editor\" data-id=\"ea7607d\" data-element_type=\"widget\" data-widget_type=\"text-editor.default\">\n\t\t\t\t<div class=\"elementor-widget-container\">\n\t\t\t<style>\/*! elementor - v3.23.0 - 05-08-2024 *\/\n.elementor-widget-text-editor.elementor-drop-cap-view-stacked .elementor-drop-cap{background-color:#69727d;color:#fff}.elementor-widget-text-editor.elementor-drop-cap-view-framed .elementor-drop-cap{color:#69727d;border:3px solid;background-color:transparent}.elementor-widget-text-editor:not(.elementor-drop-cap-view-default) .elementor-drop-cap{margin-top:8px}.elementor-widget-text-editor:not(.elementor-drop-cap-view-default) .elementor-drop-cap-letter{width:1em;height:1em}.elementor-widget-text-editor .elementor-drop-cap{float:left;text-align:center;line-height:1;font-size:50px}.elementor-widget-text-editor .elementor-drop-cap-letter{display:inline-block}<\/style>\t\t\t\t<p>En los a\u00f1os 70, el escritor y fil\u00f3sofo Gene Youngblood asegur\u00f3 que\u00a0<span style=\"font-size: 1.5rem;\">\u00abNo vivimos la historia de la teenolog\u00eda; es la historia del deseo humano ese deseo de conexi\u00f3n.\u00bb Su reflexi\u00f3n hacia el arte m\u00e1s liberal primero mediante el arte electr\u00f3nico y m\u00e1s tarde en sus escritos sobre el meta-dise\u00f1o de la imagen, el cine expandido y, en los \u00faltimos a\u00f1os, el arte digital digital~, nos colocan ante premoniciones que redireccionan nuestro v\u00ednculo con el arte a trav\u00e9s del desarrollo de la tecnolog\u00eda.<\/span><\/p><p>Al enfrentarnos al camino marcado en la fotograf\u00eda de Ux\u00edo da Vila es consubstancial preguntarse: \u00bfes la belleza inherente al recuerdo guardado entre papel de seda?, \u00bfeu\u00e1nto hay de enaltecimiento de la belleza en el recuerdo?, \u00bfes la nostalgia m\u00e1s bella que el momento presente? Da Vila trata de responder estas cuestiones a trav\u00e9s de la fotograf\u00eda como medio de reflexi\u00f3n atemporal, puesto que la per cepci\u00f3n del momento ha dejado de ser el medio a trav\u00e9s del cual se ensalza la belleza de lo retratado y ahora el reto se evidencia ante la posibilidad de modificar lo establecido; lo est\u00e1tico se vuelve mutable, lo pasivo se convierte en inquieto, lo inerte se trasforma ir\u00f3nico.<\/p><p>Sus creaciones entre ellas 23\/6 y W\/r esta \u00faltima parte de su primer drop de NFTs revisan el detalle cl\u00e1sico en el arte tradicional. donde la riqueza formal aport\u00f3 tradicionalmente el peso principal en la historia; pero el artista descentraliza la imagen en la forma y en el contenido a trav\u00e9s de sutiles incisiones que dejan entrever el origen de la nueva realidad. Este puente creado entre el pasado y el futuro supone la clave de la inmaterialidad del arte digital, descentralizado y libre en el nuevo paradigma art\u00edstico.<\/p><p>Lo est\u00e9tico y la fijaci\u00f3n de lo bello en la obra de Ux\u00edo da Vila no logra enga\u00f1ar ni seducir a un espectador audaz; m\u00e1s bien despierta su deseo de conocer el trasfondo de su mirada. Su uso intervencionista de materiales cl\u00e1sicos papeles de algod\u00f3n y de seda, pigmento al \u00f3leo y digitales, movimiento y desmembramiento de la imagen con 3D y video permiten a Ux\u00edo distanciarse de la mera contemplaci\u00f3n para cuestionar si las inquietudes est\u00e9ticas del g\u00e9nero humano continuar\u00e1n o no vinculadas a los est\u00e1ndares \u00e9ticos y est\u00e9ticos que hasta ahora nos ha ofrecido el mercado del arte.<\/p><p>En el l\u00edmite de lo inacabado de la obra de da Vila reside el recuerdo de la imagen como el primer golpe de efecto, el instante que permite conectar el desco humano con la nostalgia non-finita y sobre el que reside la placidez y fugacidad del momento presente. \u00a0<em>CH<\/em><\/p>\t\t\t\t\t\t<\/div>\n\t\t\t\t<\/div>\n\t\t\t\t\t<\/div>\n\t\t<\/div>\n\t\t\t\t\t<\/div>\n\t\t<\/section>\n\t\t\t\t<section class=\"elementor-section elementor-top-section elementor-element elementor-element-55fcb84 elementor-section-full_width elementor-section-height-default elementor-section-height-default\" data-id=\"55fcb84\" data-element_type=\"section\">\n\t\t\t\t\t\t<div class=\"elementor-container elementor-column-gap-no\">\n\t\t\t\t\t<div class=\"elementor-column elementor-col-100 elementor-top-column elementor-element elementor-element-a2fa41d\" data-id=\"a2fa41d\" data-element_type=\"column\">\n\t\t\t<div class=\"elementor-widget-wrap elementor-element-populated\">\n\t\t\t\t\t\t<div class=\"elementor-element elementor-element-4df5797 m-neuron-portfolio__overlay--color l-neuron-grid-wrapper--columns__2 l-neuron-grid-wrapper-tablet--columns__2 l-neuron-grid-wrapper-mobile--columns__1 m-neuron-posts--layout-grid m-neuron-portfolio--hover-translate elementor-invisible elementor-widget elementor-widget-neuron-portfolio\" data-id=\"4df5797\" data-element_type=\"widget\" data-settings=\"{&quot;row_gap&quot;:{&quot;unit&quot;:&quot;%&quot;,&quot;size&quot;:4,&quot;sizes&quot;:[]},&quot;row_gap_tablet&quot;:{&quot;unit&quot;:&quot;rem&quot;,&quot;size&quot;:3,&quot;sizes&quot;:[]},&quot;row_gap_mobile&quot;:{&quot;unit&quot;:&quot;rem&quot;,&quot;size&quot;:3,&quot;sizes&quot;:[]},&quot;animation_delay&quot;:&quot;80&quot;,&quot;animation_delay_reset&quot;:&quot;160&quot;,&quot;neuron_animations_duration&quot;:&quot;animated-fast&quot;,&quot;columns&quot;:&quot;2&quot;,&quot;neuron_animations&quot;:&quot;h-neuron-animation--slideDown&quot;,&quot;columns_tablet&quot;:&quot;2&quot;,&quot;columns_mobile&quot;:&quot;1&quot;,&quot;layout&quot;:&quot;grid&quot;,&quot;pagination&quot;:&quot;none&quot;,&quot;animation&quot;:&quot;yes&quot;,&quot;hover_animation&quot;:&quot;translate&quot;}\" data-widget_type=\"neuron-portfolio.default\">\n\t\t\t\t<div class=\"elementor-widget-container\">\n\t\t\t\t\t\r\n\t\t\t\t<div class=\"l-neuron-grid\" data-masonry-id=\"d7851b65d99d15475ec09b54104a8659\">\r\n\t\t\t\t\t\t\t\t\t\t\t\t<article class=\"l-neuron-grid__item h-neuron-animation--wow m-neuron-portfolio m-neuron-post post-902 portfolio type-portfolio status-publish has-post-thumbnail hentry\" data-id=\"902\">\r\n\t\t\t\t\t\t\t\t<div class=\"m-neuron-post__thumbnail--link m-neuron-portfolio__thumbnail--link\" >\r\n\t\t\t\t\t\t\t\t\t<a class=\"m-neuron-portfolio__link\" href=\"https:\/\/uxio.es\/?portfolio=identidad\"><\/a>\r\n\t\t\t\t\t\t\t\t\t<div class=\"m-neuron-post__thumbnail m-neuron-portfolio__thumbnail\"><img fetchpriority=\"high\" width=\"664\" height=\"830\" src=\"https:\/\/uxio.es\/wp-content\/uploads\/2021\/05\/Identidad_feature.jpg\" class=\"attachment-full size-full wp-post-image\" alt=\"\" decoding=\"async\" srcset=\"https:\/\/uxio.es\/wp-content\/uploads\/2021\/05\/Identidad_feature.jpg 664w, https:\/\/uxio.es\/wp-content\/uploads\/2021\/05\/Identidad_feature-240x300.jpg 240w\" sizes=\"(max-width: 664px) 100vw, 664px\" \/><\/div>\t\t\t\t\t\t\t\t\t<div class=\"m-neuron-portfolio__overlay\">\r\n\t\t\t\t\t\t\t\t\t\t<h3 class=\"m-neuron-portfolio__title\">1.Identidad<\/h3>\t\t\t\t\t\t\t\t\t<\/div>\r\n\t\t\t\t\t\t\t\t<\/div>\r\n\t\t\t\t\t\t\t\t\t\t\t\t\t\t\t<\/article>\r\n\t\t\t\t\t\t\t\t\t\t\t\t\t\t<article class=\"l-neuron-grid__item h-neuron-animation--wow m-neuron-portfolio m-neuron-post post-1457 portfolio type-portfolio status-publish has-post-thumbnail hentry\" data-id=\"1457\">\r\n\t\t\t\t\t\t\t\t<div class=\"m-neuron-post__thumbnail--link m-neuron-portfolio__thumbnail--link\" >\r\n\t\t\t\t\t\t\t\t\t<a class=\"m-neuron-portfolio__link\" href=\"https:\/\/uxio.es\/?portfolio=deriva\"><\/a>\r\n\t\t\t\t\t\t\t\t\t<div class=\"m-neuron-post__thumbnail m-neuron-portfolio__thumbnail\"><img width=\"561\" height=\"702\" src=\"https:\/\/uxio.es\/wp-content\/uploads\/2021\/05\/Deriva_feature.jpg\" class=\"attachment-full size-full wp-post-image\" alt=\"\" decoding=\"async\" srcset=\"https:\/\/uxio.es\/wp-content\/uploads\/2021\/05\/Deriva_feature.jpg 561w, https:\/\/uxio.es\/wp-content\/uploads\/2021\/05\/Deriva_feature-240x300.jpg 240w\" sizes=\"(max-width: 561px) 100vw, 561px\" \/><\/div>\t\t\t\t\t\t\t\t\t<div class=\"m-neuron-portfolio__overlay\">\r\n\t\t\t\t\t\t\t\t\t\t<h3 class=\"m-neuron-portfolio__title\">2.Deriva<\/h3>\t\t\t\t\t\t\t\t\t<\/div>\r\n\t\t\t\t\t\t\t\t<\/div>\r\n\t\t\t\t\t\t\t\t\t\t\t\t\t\t\t<\/article>\r\n\t\t\t\t\t\t\t\t\t\t\t\t\t\t<article class=\"l-neuron-grid__item h-neuron-animation--wow m-neuron-portfolio m-neuron-post post-1456 portfolio type-portfolio status-publish has-post-thumbnail hentry\" data-id=\"1456\">\r\n\t\t\t\t\t\t\t\t<div class=\"m-neuron-post__thumbnail--link m-neuron-portfolio__thumbnail--link\" >\r\n\t\t\t\t\t\t\t\t\t<a class=\"m-neuron-portfolio__link\" href=\"https:\/\/uxio.es\/?portfolio=entonces\"><\/a>\r\n\t\t\t\t\t\t\t\t\t<div class=\"m-neuron-post__thumbnail m-neuron-portfolio__thumbnail\"><img width=\"589\" height=\"735\" src=\"https:\/\/uxio.es\/wp-content\/uploads\/2021\/05\/ENTONCES_feature.jpg\" class=\"attachment-full size-full wp-post-image\" alt=\"\" decoding=\"async\" srcset=\"https:\/\/uxio.es\/wp-content\/uploads\/2021\/05\/ENTONCES_feature.jpg 589w, https:\/\/uxio.es\/wp-content\/uploads\/2021\/05\/ENTONCES_feature-240x300.jpg 240w\" sizes=\"(max-width: 589px) 100vw, 589px\" \/><\/div>\t\t\t\t\t\t\t\t\t<div class=\"m-neuron-portfolio__overlay\">\r\n\t\t\t\t\t\t\t\t\t\t<h3 class=\"m-neuron-portfolio__title\">3.Entonces<\/h3>\t\t\t\t\t\t\t\t\t<\/div>\r\n\t\t\t\t\t\t\t\t<\/div>\r\n\t\t\t\t\t\t\t\t\t\t\t\t\t\t\t<\/article>\r\n\t\t\t\t\t\t\t\t\t\t\t\t\t\t<article class=\"l-neuron-grid__item h-neuron-animation--wow m-neuron-portfolio m-neuron-post post-1455 portfolio type-portfolio status-publish has-post-thumbnail hentry\" data-id=\"1455\">\r\n\t\t\t\t\t\t\t\t<div class=\"m-neuron-post__thumbnail--link m-neuron-portfolio__thumbnail--link\" >\r\n\t\t\t\t\t\t\t\t\t<a class=\"m-neuron-portfolio__link\" href=\"https:\/\/uxio.es\/?portfolio=la-identidad\"><\/a>\r\n\t\t\t\t\t\t\t\t\t<div class=\"m-neuron-post__thumbnail m-neuron-portfolio__thumbnail\"><img loading=\"lazy\" width=\"1000\" height=\"750\" src=\"https:\/\/uxio.es\/wp-content\/uploads\/2021\/05\/FOTOS-DEL-LIBRO4256.jpg\" class=\"attachment-full size-full wp-post-image\" alt=\"\" decoding=\"async\" srcset=\"https:\/\/uxio.es\/wp-content\/uploads\/2021\/05\/FOTOS-DEL-LIBRO4256.jpg 1000w, https:\/\/uxio.es\/wp-content\/uploads\/2021\/05\/FOTOS-DEL-LIBRO4256-300x225.jpg 300w, https:\/\/uxio.es\/wp-content\/uploads\/2021\/05\/FOTOS-DEL-LIBRO4256-768x576.jpg 768w\" sizes=\"(max-width: 1000px) 100vw, 1000px\" \/><\/div>\t\t\t\t\t\t\t\t\t<div class=\"m-neuron-portfolio__overlay\">\r\n\t\t\t\t\t\t\t\t\t\t<h3 class=\"m-neuron-portfolio__title\">4.Libro La Identidad<\/h3>\t\t\t\t\t\t\t\t\t<\/div>\r\n\t\t\t\t\t\t\t\t<\/div>\r\n\t\t\t\t\t\t\t\t\t\t\t\t\t\t\t<\/article>\r\n\t\t\t\t\t\t\t\t\t\t\t\t\t\t<article class=\"l-neuron-grid__item h-neuron-animation--wow m-neuron-portfolio m-neuron-post post-903 portfolio type-portfolio status-publish has-post-thumbnail hentry\" data-id=\"903\">\r\n\t\t\t\t\t\t\t\t<div class=\"m-neuron-post__thumbnail--link m-neuron-portfolio__thumbnail--link\" >\r\n\t\t\t\t\t\t\t\t\t<a class=\"m-neuron-portfolio__link\" href=\"https:\/\/uxio.es\/?portfolio=glory-days\"><\/a>\r\n\t\t\t\t\t\t\t\t\t<div class=\"m-neuron-post__thumbnail m-neuron-portfolio__thumbnail\"><img loading=\"lazy\" width=\"483\" height=\"604\" src=\"https:\/\/uxio.es\/wp-content\/uploads\/2021\/05\/Glory-days_feature.jpg\" class=\"attachment-full size-full wp-post-image\" alt=\"\" decoding=\"async\" srcset=\"https:\/\/uxio.es\/wp-content\/uploads\/2021\/05\/Glory-days_feature.jpg 483w, https:\/\/uxio.es\/wp-content\/uploads\/2021\/05\/Glory-days_feature-240x300.jpg 240w\" sizes=\"(max-width: 483px) 100vw, 483px\" \/><\/div>\t\t\t\t\t\t\t\t\t<div class=\"m-neuron-portfolio__overlay\">\r\n\t\t\t\t\t\t\t\t\t\t<h3 class=\"m-neuron-portfolio__title\">5.Glory Days<\/h3>\t\t\t\t\t\t\t\t\t<\/div>\r\n\t\t\t\t\t\t\t\t<\/div>\r\n\t\t\t\t\t\t\t\t\t\t\t\t\t\t\t<\/article>\r\n\t\t\t\t\t\t\t\t\t\t\t\t\t\t<article class=\"l-neuron-grid__item h-neuron-animation--wow m-neuron-portfolio m-neuron-post post-1599 portfolio type-portfolio status-publish has-post-thumbnail hentry\" data-id=\"1599\">\r\n\t\t\t\t\t\t\t\t<div class=\"m-neuron-post__thumbnail--link m-neuron-portfolio__thumbnail--link\" >\r\n\t\t\t\t\t\t\t\t\t<a class=\"m-neuron-portfolio__link\" href=\"https:\/\/uxio.es\/?portfolio=varios\"><\/a>\r\n\t\t\t\t\t\t\t\t\t<div class=\"m-neuron-post__thumbnail m-neuron-portfolio__thumbnail\"><img loading=\"lazy\" width=\"1600\" height=\"1100\" src=\"https:\/\/uxio.es\/wp-content\/uploads\/2022\/10\/2.jpg\" class=\"attachment-full size-full wp-post-image\" alt=\"\" decoding=\"async\" srcset=\"https:\/\/uxio.es\/wp-content\/uploads\/2022\/10\/2.jpg 1600w, https:\/\/uxio.es\/wp-content\/uploads\/2022\/10\/2-300x206.jpg 300w, https:\/\/uxio.es\/wp-content\/uploads\/2022\/10\/2-1024x704.jpg 1024w, https:\/\/uxio.es\/wp-content\/uploads\/2022\/10\/2-768x528.jpg 768w, https:\/\/uxio.es\/wp-content\/uploads\/2022\/10\/2-1536x1056.jpg 1536w\" sizes=\"(max-width: 1600px) 100vw, 1600px\" \/><\/div>\t\t\t\t\t\t\t\t\t<div class=\"m-neuron-portfolio__overlay\">\r\n\t\t\t\t\t\t\t\t\t\t<h3 class=\"m-neuron-portfolio__title\">6.Varios<\/h3>\t\t\t\t\t\t\t\t\t<\/div>\r\n\t\t\t\t\t\t\t\t<\/div>\r\n\t\t\t\t\t\t\t\t\t\t\t\t\t\t\t<\/article>\r\n\t\t\t\t\t\t\t\t\t\t\t<\/div>\r\n\r\n\t\t\t\r\n\t\t\t\t<\/div>\n\t\t\t\t<\/div>\n\t\t\t\t\t<\/div>\n\t\t<\/div>\n\t\t\t\t\t<\/div>\n\t\t<\/section>\n\t\t\t\t<section class=\"elementor-section elementor-top-section elementor-element elementor-element-ca58f16 elementor-hidden-desktop elementor-section-boxed elementor-section-height-default elementor-section-height-default\" data-id=\"ca58f16\" data-element_type=\"section\">\n\t\t\t\t\t\t<div class=\"elementor-container elementor-column-gap-default\">\n\t\t\t\t\t<div class=\"elementor-column elementor-col-100 elementor-top-column elementor-element elementor-element-9b9114e\" data-id=\"9b9114e\" data-element_type=\"column\">\n\t\t\t<div class=\"elementor-widget-wrap elementor-element-populated\">\n\t\t\t\t\t\t<div class=\"elementor-element elementor-element-675899c elementor-widget elementor-widget-text-editor\" data-id=\"675899c\" data-element_type=\"widget\" data-widget_type=\"text-editor.default\">\n\t\t\t\t<div class=\"elementor-widget-container\">\n\t\t\t\t\t\t\t<p>En los a\u00f1os 70, el escritor y fil\u00f3sofo Gene Youngblood asegur\u00f3 que\u00a0<span style=\"font-size: 1.5rem;\">\u00abNo vivimos la historia de la teenolog\u00eda; es la historia del deseo humano ese deseo de conexi\u00f3n.\u00bb Su reflexi\u00f3n hacia el arte m\u00e1s liberal primero mediante el arte electr\u00f3nico y m\u00e1s tarde en sus escritos sobre el meta-dise\u00f1o de la imagen, el cine expandido y, en los \u00faltimos a\u00f1os, el arte digital digital~, nos colocan ante premoniciones que redireccionan nuestro v\u00ednculo con el arte a trav\u00e9s del desarrollo de la tecnolog\u00eda.<\/span><\/p><p>Al enfrentarnos al camino marcado en la fotograf\u00eda de Ux\u00edo da Vila es consubstancial preguntarse: \u00bfes la belleza inherente al recuerdo guardado entre papel de seda?, \u00bfeu\u00e1nto hay de enaltecimiento de la belleza en el recuerdo?, \u00bfes la nostalgia m\u00e1s bella que el momento presente? Da Vila trata de responder estas cuestiones a trav\u00e9s de la fotograf\u00eda como medio de reflexi\u00f3n atemporal, puesto que la per cepci\u00f3n del momento ha dejado de ser el medio a trav\u00e9s del cual se ensalza la belleza de lo retratado y ahora el reto se evidencia ante la posibilidad de modificar lo establecido; lo est\u00e1tico se vuelve mutable, lo pasivo se convierte en inquieto, lo inerte se trasforma ir\u00f3nico.<\/p><p>Sus creaciones entre ellas 23\/6 y W\/r esta \u00faltima parte de su primer drop de NFTs revisan el detalle cl\u00e1sico en el arte tradicional. donde la riqueza formal aport\u00f3 tradicionalmente el peso principal en la historia; pero el artista descentraliza la imagen en la forma y en el contenido a trav\u00e9s de sutiles incisiones que dejan entrever el origen de la nueva realidad. Este puente creado entre el pasado y el futuro supone la clave de la inmaterialidad del arte digital, descentralizado y libre en el nuevo paradigma art\u00edstico.<\/p><p>Lo est\u00e9tico y la fijaci\u00f3n de lo bello en la obra de Ux\u00edo da Vila no logra enga\u00f1ar ni seducir a un espectador audaz; m\u00e1s bien despierta su deseo de conocer el trasfondo de su mirada. Su uso intervencionista de materiales cl\u00e1sicos papeles de algod\u00f3n y de seda, pigmento al \u00f3leo y digitales, movimiento y desmembramiento de la imagen con 3D y video permiten a Ux\u00edo distanciarse de la mera contemplaci\u00f3n para cuestionar si las inquietudes est\u00e9ticas del g\u00e9nero humano continuar\u00e1n o no vinculadas a los est\u00e1ndares \u00e9ticos y est\u00e9ticos que hasta ahora nos ha ofrecido el mercado del arte.<\/p><p>En el l\u00edmite de lo inacabado de la obra de da Vila reside el recuerdo de la imagen como el primer golpe de efecto, el instante que permite conectar el desco humano con la nostalgia non-finita y sobre el que reside la placidez y fugacidad del momento presente. <em>CH<\/em><\/p>\t\t\t\t\t\t<\/div>\n\t\t\t\t<\/div>\n\t\t\t\t\t<\/div>\n\t\t<\/div>\n\t\t\t\t\t<\/div>\n\t\t<\/section>\n\t\t\t\t<\/div>\n\t\t","protected":false},"excerpt":{"rendered":"<p>En los a\u00f1os 70, el escritor y fil\u00f3sofo Gene Youngblood asegur\u00f3 que\u00a0\u00abNo vivimos la historia de la teenolog\u00eda; es la historia del deseo humano ese deseo de conexi\u00f3n.\u00bb Su reflexi\u00f3n hacia el arte m\u00e1s liberal primero mediante el arte electr\u00f3nico y m\u00e1s tarde en sus escritos sobre el meta-dise\u00f1o de la imagen, el cine expandido&#8230;<\/p>\n","protected":false},"author":1,"featured_media":1025,"parent":0,"menu_order":0,"comment_status":"closed","ping_status":"closed","template":"","meta":[],"_links":{"self":[{"href":"https:\/\/uxio.es\/index.php?rest_route=\/wp\/v2\/pages\/1660"}],"collection":[{"href":"https:\/\/uxio.es\/index.php?rest_route=\/wp\/v2\/pages"}],"about":[{"href":"https:\/\/uxio.es\/index.php?rest_route=\/wp\/v2\/types\/page"}],"author":[{"embeddable":true,"href":"https:\/\/uxio.es\/index.php?rest_route=\/wp\/v2\/users\/1"}],"replies":[{"embeddable":true,"href":"https:\/\/uxio.es\/index.php?rest_route=%2Fwp%2Fv2%2Fcomments&post=1660"}],"version-history":[{"count":25,"href":"https:\/\/uxio.es\/index.php?rest_route=\/wp\/v2\/pages\/1660\/revisions"}],"predecessor-version":[{"id":1831,"href":"https:\/\/uxio.es\/index.php?rest_route=\/wp\/v2\/pages\/1660\/revisions\/1831"}],"wp:featuredmedia":[{"embeddable":true,"href":"https:\/\/uxio.es\/index.php?rest_route=\/wp\/v2\/media\/1025"}],"wp:attachment":[{"href":"https:\/\/uxio.es\/index.php?rest_route=%2Fwp%2Fv2%2Fmedia&parent=1660"}],"curies":[{"name":"wp","href":"https:\/\/api.w.org\/{rel}","templated":true}]}}