{"id":893,"date":"2021-05-24T08:32:06","date_gmt":"2021-05-24T08:32:06","guid":{"rendered":"https:\/\/neuronthemes.com\/merope\/medea\/?page_id=24"},"modified":"2022-10-27T14:57:03","modified_gmt":"2022-10-27T14:57:03","slug":"about","status":"publish","type":"page","link":"https:\/\/uxio.es\/?page_id=893","title":{"rendered":"About"},"content":{"rendered":"\t\t<div data-elementor-type=\"wp-page\" data-elementor-id=\"893\" class=\"elementor elementor-893\" data-elementor-post-type=\"page\">\n\t\t\t\t\t\t<section class=\"elementor-section elementor-top-section elementor-element elementor-element-8838144 elementor-section-full_width elementor-section-height-default elementor-section-height-default\" data-id=\"8838144\" data-element_type=\"section\">\n\t\t\t\t\t\t<div class=\"elementor-container elementor-column-gap-no\">\n\t\t\t\t\t<div class=\"elementor-column elementor-col-50 elementor-top-column elementor-element elementor-element-d095196\" data-id=\"d095196\" data-element_type=\"column\">\n\t\t\t<div class=\"elementor-widget-wrap elementor-element-populated\">\n\t\t\t\t\t\t<div class=\"elementor-element elementor-element-272ec9e animated-fast elementor-invisible elementor-widget elementor-widget-image\" data-id=\"272ec9e\" data-element_type=\"widget\" data-settings=\"{&quot;_animation&quot;:&quot;h-neuron-animation--slideDown&quot;,&quot;sticky&quot;:&quot;top&quot;,&quot;sticky_on&quot;:[&quot;desktop&quot;],&quot;_animation_delay&quot;:&quot;0&quot;,&quot;sticky_offset&quot;:40,&quot;sticky_parent&quot;:&quot;yes&quot;,&quot;sticky_effects_offset&quot;:0}\" data-widget_type=\"image.default\">\n\t\t\t\t<div class=\"elementor-widget-container\">\n\t\t\t<style>\/*! elementor - v3.23.0 - 05-08-2024 *\/\n.elementor-widget-image{text-align:center}.elementor-widget-image a{display:inline-block}.elementor-widget-image a img[src$=\".svg\"]{width:48px}.elementor-widget-image img{vertical-align:middle;display:inline-block}<\/style>\t\t\t\t\t\t\t\t\t\t<img fetchpriority=\"high\" width=\"600\" height=\"600\" src=\"https:\/\/uxio.es\/wp-content\/uploads\/2022\/10\/Ux10.jpg\" class=\"attachment-full size-full wp-image-1715\" alt=\"\" decoding=\"async\" srcset=\"https:\/\/uxio.es\/wp-content\/uploads\/2022\/10\/Ux10.jpg 600w, https:\/\/uxio.es\/wp-content\/uploads\/2022\/10\/Ux10-300x300.jpg 300w, https:\/\/uxio.es\/wp-content\/uploads\/2022\/10\/Ux10-150x150.jpg 150w\" sizes=\"(max-width: 600px) 100vw, 600px\" \/>\t\t\t\t\t\t\t\t\t\t\t\t\t<\/div>\n\t\t\t\t<\/div>\n\t\t\t\t\t<\/div>\n\t\t<\/div>\n\t\t\t\t<div class=\"elementor-column elementor-col-50 elementor-top-column elementor-element elementor-element-de8eb5e animated-fast elementor-invisible\" data-id=\"de8eb5e\" data-element_type=\"column\" data-settings=\"{&quot;animation&quot;:&quot;h-neuron-animation--slideDown&quot;,&quot;animation_delay&quot;:80}\">\n\t\t\t<div class=\"elementor-widget-wrap elementor-element-populated\">\n\t\t\t\t\t\t<div class=\"elementor-element elementor-element-1f1510a elementor-widget elementor-widget-heading\" data-id=\"1f1510a\" data-element_type=\"widget\" data-widget_type=\"heading.default\">\n\t\t\t\t<div class=\"elementor-widget-container\">\n\t\t\t<style>\/*! elementor - v3.23.0 - 05-08-2024 *\/\n.elementor-heading-title{padding:0;margin:0;line-height:1}.elementor-widget-heading .elementor-heading-title[class*=elementor-size-]>a{color:inherit;font-size:inherit;line-height:inherit}.elementor-widget-heading .elementor-heading-title.elementor-size-small{font-size:15px}.elementor-widget-heading .elementor-heading-title.elementor-size-medium{font-size:19px}.elementor-widget-heading .elementor-heading-title.elementor-size-large{font-size:29px}.elementor-widget-heading .elementor-heading-title.elementor-size-xl{font-size:39px}.elementor-widget-heading .elementor-heading-title.elementor-size-xxl{font-size:59px}<\/style><h1 class=\"elementor-heading-title elementor-size-default\">A bit about<br>\nmyself!<\/h1>\t\t<\/div>\n\t\t\t\t<\/div>\n\t\t\t\t<div class=\"elementor-element elementor-element-6ec7ec5 elementor-widget elementor-widget-text-editor\" data-id=\"6ec7ec5\" data-element_type=\"widget\" data-widget_type=\"text-editor.default\">\n\t\t\t\t<div class=\"elementor-widget-container\">\n\t\t\t<style>\/*! elementor - v3.23.0 - 05-08-2024 *\/\n.elementor-widget-text-editor.elementor-drop-cap-view-stacked .elementor-drop-cap{background-color:#69727d;color:#fff}.elementor-widget-text-editor.elementor-drop-cap-view-framed .elementor-drop-cap{color:#69727d;border:3px solid;background-color:transparent}.elementor-widget-text-editor:not(.elementor-drop-cap-view-default) .elementor-drop-cap{margin-top:8px}.elementor-widget-text-editor:not(.elementor-drop-cap-view-default) .elementor-drop-cap-letter{width:1em;height:1em}.elementor-widget-text-editor .elementor-drop-cap{float:left;text-align:center;line-height:1;font-size:50px}.elementor-widget-text-editor .elementor-drop-cap-letter{display:inline-block}<\/style>\t\t\t\t<div class=\"page\" title=\"Page 7\">\n<div class=\"layoutArea\">\n<div class=\"column\">\n<p>La obra de Ux\u00edo da Vila (Madrid, 1970) gira en torno a conceptos tan personales y cotidianos como la identidad del ser humano, el paso del tiempo, la intimidad, la percepci\u00f3n de la realidad o el recuerdo.<\/p>\n<p>Licenciado en Derecho y ganador de dos Premios Lux de Fotogra-fia, dio sus primeros pasos en la fotograf\u00eda de forma autodidacta, trabajando siempre de manera anal\u00f3gica y llevando a cabo una obra absolutamente autobiogr\u00e1fica donde retrata constantemente sus m\u00faltiples obsesiones, que forman parte de un particular universo propio, de su presente, pasado y futuro. La fotograf\u00eda como met\u00e1fora del ser humano, un espejo de su identidad variable y ef\u00edmera donde mirar y verse reflejado o donde escapar gracias a distracciones e in-tervenciones, papeles, instalaciones, puntos de fuga, composiciones o despistes. Frente a esta idea identitaria, Ux\u00edo da Vila propone adem\u00e1s un juego sobre la autor\u00eda de las obras, reflexionando hasta qu\u00e9 punto esta ser\u00eda relevante. Un ejercicio que muestra la verdadera fragilidad de un concepto como el de nuestra propia identidad, que en realidad es pr\u00e1cticamente una abstracci\u00f3n. Una s\u00edntesis de su esencia y de su propia deriva.<\/p>\n<\/div>\n<\/div>\n<\/div>\t\t\t\t\t\t<\/div>\n\t\t\t\t<\/div>\n\t\t\t\t\t<\/div>\n\t\t<\/div>\n\t\t\t\t\t<\/div>\n\t\t<\/section>\n\t\t\t\t<\/div>\n\t\t","protected":false},"excerpt":{"rendered":"<p>A bit about myself! La obra de Ux\u00edo da Vila (Madrid, 1970) gira en torno a conceptos tan personales y cotidianos como la identidad del ser humano, el paso del tiempo, la intimidad, la percepci\u00f3n de la realidad o el recuerdo. Licenciado en Derecho y ganador de dos Premios Lux de Fotogra-fia, dio sus primeros&#8230;<\/p>\n","protected":false},"author":1,"featured_media":0,"parent":0,"menu_order":0,"comment_status":"closed","ping_status":"closed","template":"","meta":[],"_links":{"self":[{"href":"https:\/\/uxio.es\/index.php?rest_route=\/wp\/v2\/pages\/893"}],"collection":[{"href":"https:\/\/uxio.es\/index.php?rest_route=\/wp\/v2\/pages"}],"about":[{"href":"https:\/\/uxio.es\/index.php?rest_route=\/wp\/v2\/types\/page"}],"author":[{"embeddable":true,"href":"https:\/\/uxio.es\/index.php?rest_route=\/wp\/v2\/users\/1"}],"replies":[{"embeddable":true,"href":"https:\/\/uxio.es\/index.php?rest_route=%2Fwp%2Fv2%2Fcomments&post=893"}],"version-history":[{"count":16,"href":"https:\/\/uxio.es\/index.php?rest_route=\/wp\/v2\/pages\/893\/revisions"}],"predecessor-version":[{"id":1788,"href":"https:\/\/uxio.es\/index.php?rest_route=\/wp\/v2\/pages\/893\/revisions\/1788"}],"wp:attachment":[{"href":"https:\/\/uxio.es\/index.php?rest_route=%2Fwp%2Fv2%2Fmedia&parent=893"}],"curies":[{"name":"wp","href":"https:\/\/api.w.org\/{rel}","templated":true}]}}